{"id":17413,"date":"2020-12-01T15:43:46","date_gmt":"2020-12-01T14:43:46","guid":{"rendered":"https:\/\/hotelhelios.be\/kontaktieren-sie-uns\/"},"modified":"2025-08-29T01:09:27","modified_gmt":"2025-08-28T23:09:27","slug":"kontaktieren-sie-uns","status":"publish","type":"page","link":"https:\/\/hotelhelios.be\/de\/kontaktieren-sie-uns\/","title":{"rendered":"Kontaktieren Sie uns"},"content":{"rendered":"\t\t<div data-elementor-type=\"wp-page\" data-elementor-id=\"17413\" class=\"elementor elementor-17413 elementor-3477\">\n\t\t\t\t<div class=\"elementor-element elementor-element-11b9fc4 e-con-full e-flex e-con e-parent\" data-id=\"11b9fc4\" data-element_type=\"container\" data-e-type=\"container\" data-settings=\"{&quot;background_background&quot;:&quot;classic&quot;}\">\n\t\t\t\t<div class=\"elementor-element elementor-element-490bd6a elementor-widget elementor-widget-qi_addons_for_elementor_section_title\" data-id=\"490bd6a\" data-element_type=\"widget\" data-e-type=\"widget\" data-widget_type=\"qi_addons_for_elementor_section_title.default\">\n\t\t\t\t<div class=\"elementor-widget-container\">\n\t\t\t\t\t<div class=\"qodef-shortcode qodef-m drop-shadow qodef-qi-section-title qodef-decoration--italic qodef-link--underline-draw qodef-subtitle-icon--left\">\n\t\t\t<h1 class=\"qodef-m-title\">\n\t\t Lass uns in Verbindung treten\t<\/h1>\n\t\t\t\t<h5 class=\"qodef-m-subtitle\">\n\t\tWir sind hier, um Ihre Fragen zu beantworten und sicherzustellen, dass Ihr Aufenthalt im Hotel Helios au\u00dfergew\u00f6hnlich ist.\t\t\t<\/h5>\n\t\t\t<\/div>\n\t\t\t\t<\/div>\n\t\t\t\t<\/div>\n\t\t\t\t<\/div>\n\t\t<div class=\"elementor-element elementor-element-48dace0 e-flex e-con-boxed e-con e-parent\" data-id=\"48dace0\" data-element_type=\"container\" data-e-type=\"container\" data-settings=\"{&quot;background_background&quot;:&quot;classic&quot;}\">\n\t\t\t\t\t<div class=\"e-con-inner\">\n\t\t<div class=\"elementor-element elementor-element-7b8b906 e-con-full e-flex e-con e-child\" data-id=\"7b8b906\" data-element_type=\"container\" data-e-type=\"container\">\n\t\t\t\t<div class=\"elementor-element elementor-element-e34453a elementor-widget__width-initial elementor-widget elementor-widget-augustine_core_section_title\" data-id=\"e34453a\" data-element_type=\"widget\" data-e-type=\"widget\" data-widget_type=\"augustine_core_section_title.default\">\n\t\t\t\t<div class=\"elementor-widget-container\">\n\t\t\t\t\t<div class=\"qodef-shortcode qodef-m  qodef-section-title qodef-alignment--center qodef-title-break--disabled    \">\n\t\t\t\t<h3 class=\"qodef-m-title\" style=\"color: #3A2C23\">\n\t\t\t\t\tEntdecken Sie, wie wir<br \/> Ihren Aufenthalt unverge\u00dflich machen k\u00f6nnen\t\t\t<\/h3>\n\t\t<\/div>\t\t\t\t<\/div>\n\t\t\t\t<\/div>\n\t\t\t\t<\/div>\n\t\t\t\t\t<\/div>\n\t\t\t\t<\/div>\n\t\t\t\t<section class=\"elementor-section elementor-top-section elementor-element elementor-element-6e51a79e qodef-elementor-content-grid qodef-extended-grid qodef-extended-grid--right qodef-green-white-hover elementor-section-boxed elementor-section-height-default elementor-section-height-default\" data-id=\"6e51a79e\" data-element_type=\"section\" data-e-type=\"section\" data-settings=\"{&quot;background_background&quot;:&quot;classic&quot;}\">\n\t\t\t\t\t\t<div class=\"elementor-container elementor-column-gap-default\">\n\t\t\t\t\t<div class=\"elementor-column elementor-col-50 elementor-top-column elementor-element elementor-element-2936e20e\" data-id=\"2936e20e\" data-element_type=\"column\" data-e-type=\"column\">\n\t\t\t<div class=\"elementor-widget-wrap elementor-element-populated\">\n\t\t\t\t\t\t<div class=\"elementor-element elementor-element-59ffcda elementor-widget__width-initial elementor-widget-tablet__width-initial elementor-widget elementor-widget-text-editor\" data-id=\"59ffcda\" data-element_type=\"widget\" data-e-type=\"widget\" data-widget_type=\"text-editor.default\">\n\t\t\t\t<div class=\"elementor-widget-container\">\n\t\t\t\t\t\t\t\t\t<p>Wir sind hier, um Ihnen bei der Planung des perfekten Aufenthalts zu helfen. Ob Sie eine Frage oder eine besondere Anfrage haben, unser Team hilft Ihnen gerne weiter. <\/p>\t\t\t\t\t\t\t\t<\/div>\n\t\t\t\t<\/div>\n\t\t\t\t<section class=\"elementor-section elementor-inner-section elementor-element elementor-element-54f52b3 elementor-section-boxed elementor-section-height-default elementor-section-height-default qodef-elementor-content-no\" data-id=\"54f52b3\" data-element_type=\"section\" data-e-type=\"section\">\n\t\t\t\t\t\t<div class=\"elementor-container elementor-column-gap-default\">\n\t\t\t\t\t<div class=\"elementor-column elementor-col-100 elementor-inner-column elementor-element elementor-element-40d97f8\" data-id=\"40d97f8\" data-element_type=\"column\" data-e-type=\"column\">\n\t\t\t<div class=\"elementor-widget-wrap elementor-element-populated\">\n\t\t\t\t\t\t<div class=\"elementor-element elementor-element-53d1828 elementor-widget__width-initial elementor-widget elementor-widget-augustine_core_icon_with_text\" data-id=\"53d1828\" data-element_type=\"widget\" data-e-type=\"widget\" data-widget_type=\"augustine_core_icon_with_text.default\">\n\t\t\t\t<div class=\"elementor-widget-container\">\n\t\t\t\t\t<div class=\"qodef-shortcode qodef-m  qodef-icon-with-text qodef-layout--before-content qodef--icon-pack \">\n\t<div class=\"qodef-m-icon-wrapper\">\n\t\t<span class=\"qodef-shortcode qodef-m  qodef-icon-holder qodef-size--small qodef-layout--normal\"  >\t        <span class=\"qodef-icon-elegant-icons icon_pin_alt qodef-icon qodef-e\" style=\"\" ><\/span>    <\/span>\t<\/div>\n\t<div class=\"qodef-m-content\">\n\t\t\t\t\t<\/div>\n<\/div>\t\t\t\t<\/div>\n\t\t\t\t<\/div>\n\t\t\t\t<div class=\"elementor-element elementor-element-870f232 elementor-widget__width-initial elementor-widget elementor-widget-text-editor\" data-id=\"870f232\" data-element_type=\"widget\" data-e-type=\"widget\" data-widget_type=\"text-editor.default\">\n\t\t\t\t<div class=\"elementor-widget-container\">\n\t\t\t\t\t\t\t\t\t<p><a href=\"https:\/\/www.google.com\/maps\/place\/Beach+Palace+Hotel\/@51.3147423,3.1189675,17z\/data=!3m1!4b1!4m9!3m8!1s0x47c4aa8638a996a1:0xcbd68b84c7f3d2f4!5m2!4m1!1i2!8m2!3d51.314739!4d3.1215424!16s%2Fg%2F1tmpv4l7?entry=ttu\" target=\"_blank\" rel=\"noopener\">Zeedijk 92, 8370 Blankenberge<\/a><\/p>\t\t\t\t\t\t\t\t<\/div>\n\t\t\t\t<\/div>\n\t\t\t\t\t<\/div>\n\t\t<\/div>\n\t\t\t\t\t<\/div>\n\t\t<\/section>\n\t\t\t\t<section class=\"elementor-section elementor-inner-section elementor-element elementor-element-1898b55 elementor-section-boxed elementor-section-height-default elementor-section-height-default qodef-elementor-content-no\" data-id=\"1898b55\" data-element_type=\"section\" data-e-type=\"section\">\n\t\t\t\t\t\t<div class=\"elementor-container elementor-column-gap-default\">\n\t\t\t\t\t<div class=\"elementor-column elementor-col-100 elementor-inner-column elementor-element elementor-element-55bcd27\" data-id=\"55bcd27\" data-element_type=\"column\" data-e-type=\"column\">\n\t\t\t<div class=\"elementor-widget-wrap elementor-element-populated\">\n\t\t\t\t\t\t<div class=\"elementor-element elementor-element-4605f21 elementor-widget__width-initial elementor-widget elementor-widget-augustine_core_icon_with_text\" data-id=\"4605f21\" data-element_type=\"widget\" data-e-type=\"widget\" data-widget_type=\"augustine_core_icon_with_text.default\">\n\t\t\t\t<div class=\"elementor-widget-container\">\n\t\t\t\t\t<div class=\"qodef-shortcode qodef-m  qodef-icon-with-text qodef-layout--before-content qodef--icon-pack \">\n\t<div class=\"qodef-m-icon-wrapper\">\n\t\t<span class=\"qodef-shortcode qodef-m  qodef-icon-holder qodef-size--small qodef-layout--normal\"  >\t        <span class=\"qodef-icon-elegant-icons icon_phone qodef-icon qodef-e\" style=\"\" ><\/span>    <\/span>\t<\/div>\n\t<div class=\"qodef-m-content\">\n\t\t\t\t\t<\/div>\n<\/div>\t\t\t\t<\/div>\n\t\t\t\t<\/div>\n\t\t\t\t<div class=\"elementor-element elementor-element-ddea119 elementor-widget__width-initial elementor-widget elementor-widget-text-editor\" data-id=\"ddea119\" data-element_type=\"widget\" data-e-type=\"widget\" data-widget_type=\"text-editor.default\">\n\t\t\t\t<div class=\"elementor-widget-container\">\n\t\t\t\t\t\t\t\t\t<p><a href=\"tel:+32(0)50%2042%2090%2020\">+32(0)50 42 90 20<\/a><\/p>\t\t\t\t\t\t\t\t<\/div>\n\t\t\t\t<\/div>\n\t\t\t\t\t<\/div>\n\t\t<\/div>\n\t\t\t\t\t<\/div>\n\t\t<\/section>\n\t\t\t\t<section class=\"elementor-section elementor-inner-section elementor-element elementor-element-6774812 elementor-section-boxed elementor-section-height-default elementor-section-height-default qodef-elementor-content-no\" data-id=\"6774812\" data-element_type=\"section\" data-e-type=\"section\">\n\t\t\t\t\t\t<div class=\"elementor-container elementor-column-gap-default\">\n\t\t\t\t\t<div class=\"elementor-column elementor-col-100 elementor-inner-column elementor-element elementor-element-49219c0\" data-id=\"49219c0\" data-element_type=\"column\" data-e-type=\"column\">\n\t\t\t<div class=\"elementor-widget-wrap elementor-element-populated\">\n\t\t\t\t\t\t<div class=\"elementor-element elementor-element-aa2c2d0 elementor-widget__width-initial elementor-widget elementor-widget-augustine_core_icon_with_text\" data-id=\"aa2c2d0\" data-element_type=\"widget\" data-e-type=\"widget\" data-widget_type=\"augustine_core_icon_with_text.default\">\n\t\t\t\t<div class=\"elementor-widget-container\">\n\t\t\t\t\t<div class=\"qodef-shortcode qodef-m  qodef-icon-with-text qodef-layout--before-content qodef--icon-pack \">\n\t<div class=\"qodef-m-icon-wrapper\">\n\t\t<span class=\"qodef-shortcode qodef-m  qodef-icon-holder qodef-size--small qodef-layout--normal\"  >\t        <span class=\"qodef-icon-elegant-icons icon_mail_alt qodef-icon qodef-e\" style=\"\" ><\/span>    <\/span>\t<\/div>\n\t<div class=\"qodef-m-content\">\n\t\t\t\t\t<\/div>\n<\/div>\t\t\t\t<\/div>\n\t\t\t\t<\/div>\n\t\t\t\t<div class=\"elementor-element elementor-element-1bc0c7f elementor-widget__width-initial elementor-widget elementor-widget-text-editor\" data-id=\"1bc0c7f\" data-element_type=\"widget\" data-e-type=\"widget\" data-widget_type=\"text-editor.default\">\n\t\t\t\t<div class=\"elementor-widget-container\">\n\t\t\t\t\t\t\t\t\t<p><a href=\"mailto:info@hotelhelios.be\">info@hotelhelios.be<\/a><\/p>\t\t\t\t\t\t\t\t<\/div>\n\t\t\t\t<\/div>\n\t\t\t\t\t<\/div>\n\t\t<\/div>\n\t\t\t\t\t<\/div>\n\t\t<\/section>\n\t\t\t\t\t<\/div>\n\t\t<\/div>\n\t\t\t\t<div class=\"elementor-column elementor-col-50 elementor-top-column elementor-element elementor-element-6175c09c\" data-id=\"6175c09c\" data-element_type=\"column\" data-e-type=\"column\">\n\t\t\t<div class=\"elementor-widget-wrap elementor-element-populated\">\n\t\t\t\t\t\t<div class=\"elementor-element elementor-element-8368965 elementor-widget elementor-widget-augustine_core_section_title\" data-id=\"8368965\" data-element_type=\"widget\" data-e-type=\"widget\" data-widget_type=\"augustine_core_section_title.default\">\n\t\t\t\t<div class=\"elementor-widget-container\">\n\t\t\t\t\t<div class=\"qodef-shortcode qodef-m  qodef-section-title qodef-alignment--left    qodef-separator-appear \">\n\t\t\t\t<h4 class=\"qodef-m-title\" style=\"margin-top: -5px;color: #3A2C23\">\n\t\t\t\t\tSenden Sie uns Ihre Frage:\t\t\t<\/h4>\n\t\t<\/div>\t\t\t\t<\/div>\n\t\t\t\t<\/div>\n\t\t\t\t<div class=\"elementor-element elementor-element-7faac5c elementor-widget elementor-widget-qi_addons_for_elementor_contact_form_7\" data-id=\"7faac5c\" data-element_type=\"widget\" data-e-type=\"widget\" data-widget_type=\"qi_addons_for_elementor_contact_form_7.default\">\n\t\t\t\t<div class=\"elementor-widget-container\">\n\t\t\t\t\t<div class=\"qodef-shortcode qodef-m qodef-qi-contact-form-7\">\n\t\n<div class=\"wpcf7 no-js\" id=\"wpcf7-f17522-o1\" lang=\"de-DE\" dir=\"ltr\" data-wpcf7-id=\"17522\">\n<div class=\"screen-reader-response\"><p role=\"status\" aria-live=\"polite\" aria-atomic=\"true\"><\/p> <ul><\/ul><\/div>\n<form action=\"\/de\/wp-json\/wp\/v2\/pages\/17413#wpcf7-f17522-o1\" method=\"post\" class=\"wpcf7-form init\" aria-label=\"Kontaktformular\" novalidate=\"novalidate\" data-status=\"init\">\n<fieldset class=\"hidden-fields-container\"><input type=\"hidden\" name=\"_wpcf7\" value=\"17522\" \/><input type=\"hidden\" name=\"_wpcf7_version\" value=\"6.1.5\" \/><input type=\"hidden\" name=\"_wpcf7_locale\" value=\"de_DE\" \/><input type=\"hidden\" name=\"_wpcf7_unit_tag\" value=\"wpcf7-f17522-o1\" \/><input type=\"hidden\" name=\"_wpcf7_container_post\" value=\"0\" \/><input type=\"hidden\" name=\"_wpcf7_posted_data_hash\" value=\"\" \/>\n<\/fieldset>\n<div class=\"qodef-grid qodef-layout--template qodef-cf-contact-us\">\n<div class=\"qodef-grid-inner\">\n<div class=\"qodef-grid-item qodef-col--12\">\n<span class=\"wpcf7-form-control-wrap\" data-name=\"your-message\"><textarea cols=\"40\" rows=\"10\" maxlength=\"2000\" class=\"wpcf7-form-control wpcf7-textarea\" aria-invalid=\"false\" placeholder=\"Nachricht...\" name=\"your-message\"><\/textarea><\/span>\n<\/div>\n<div class=\"qodef-grid-item qodef-col--12\">\n<span class=\"wpcf7-form-control-wrap\" data-name=\"your-name\"><input size=\"40\" maxlength=\"400\" class=\"wpcf7-form-control wpcf7-text wpcf7-validates-as-required\" aria-required=\"true\" aria-invalid=\"false\" placeholder=\"Ihr Name...\" value=\"\" type=\"text\" name=\"your-name\" \/><\/span>\n<\/div>\n<div class=\"qodef-grid-item qodef-col--12\">\n<span class=\"wpcf7-form-control-wrap\" data-name=\"your-email\"><input size=\"40\" maxlength=\"400\" class=\"wpcf7-form-control wpcf7-email wpcf7-validates-as-required wpcf7-text wpcf7-validates-as-email\" aria-required=\"true\" aria-invalid=\"false\" placeholder=\"Geben Sie Ihre E-Mail ein...\" value=\"\" type=\"email\" name=\"your-email\" \/><\/span>\n<\/div>\n<div class=\"qodef-grid-item qodef-col--12\">\n<span class=\"wpcf7-form-control-wrap\" data-name=\"checkbox-388\"><span class=\"wpcf7-form-control wpcf7-checkbox wpcf7-validates-as-required\"><span class=\"wpcf7-list-item first last\"><input type=\"checkbox\" name=\"checkbox-388[]\" value=\"Ich stimme den Gesch\u00e4ftsbedingungen zu\" \/><span class=\"wpcf7-list-item-label\">Ich stimme den Gesch\u00e4ftsbedingungen zu<\/span><\/span><\/span><\/span>\n<\/div>\n<div class=\"qodef-grid-item qodef-col--12\" style=\"font-size: small;\">\nDiese Website ist durch reCAPTCHA und das Google\n    <a href=\"https:\/\/policies.google.com\/privacy\">Datenschutzrichtlinie<\/a> und\n    Es gelten die <a href=\"https:\/\/policies.google.com\/terms\">Servicebedingungen<\/a>.\n<\/div>\n\n<div class=\"qodef-grid-item qodef-col--12\" style=\"text-align: left;\">\n<button class=\"wpcf7-form-control wpcf7-submit qodef-layout--outlined qodef-margin-18 qodef-button qodef-size--normal qodef-type--outlined qodef-m\" type=\"submit\"><span class=\"qodef-m-text\">Einreichen<\/span><\/button>\n<\/div>\n<\/div>\n<\/div><input type='hidden' class='wpcf7-pum' value='{\"closepopup\":false,\"closedelay\":0,\"openpopup\":false,\"openpopup_id\":0}' \/><div class=\"wpcf7-response-output\" aria-hidden=\"true\"><\/div>\n<\/form>\n<\/div>\n<\/div>\n\t\t\t\t<\/div>\n\t\t\t\t<\/div>\n\t\t\t\t\t<\/div>\n\t\t<\/div>\n\t\t\t\t\t<\/div>\n\t\t<\/section>\n\t\t<div class=\"elementor-element elementor-element-340c1eb e-flex e-con-boxed e-con e-parent\" data-id=\"340c1eb\" data-element_type=\"container\" data-e-type=\"container\" data-settings=\"{&quot;background_background&quot;:&quot;classic&quot;}\">\n\t\t\t\t\t<div class=\"e-con-inner\">\n\t\t\t\t<div class=\"elementor-element elementor-element-a1748db elementor-widget elementor-widget-google_maps\" data-id=\"a1748db\" data-element_type=\"widget\" data-e-type=\"widget\" data-widget_type=\"google_maps.default\">\n\t\t\t\t<div class=\"elementor-widget-container\">\n\t\t\t\t\t\t\t<div class=\"elementor-custom-embed\">\n\t\t\t<iframe loading=\"lazy\"\n\t\t\t\t\tsrc=\"https:\/\/maps.google.com\/maps?q=Zeedijk%2092%208370%20Blankenberge&#038;t=m&#038;z=15&#038;output=embed&#038;iwloc=near\"\n\t\t\t\t\ttitle=\"Zeedijk 92 8370 Blankenberge\"\n\t\t\t\t\taria-label=\"Zeedijk 92 8370 Blankenberge\"\n\t\t\t><\/iframe>\n\t\t<\/div>\n\t\t\t\t\t\t<\/div>\n\t\t\t\t<\/div>\n\t\t\t\t\t<\/div>\n\t\t\t\t<\/div>\n\t\t\t\t<\/div>\n\t\t","protected":false},"excerpt":{"rendered":"Lass uns in Verbindung treten Wir sind hier, um Ihre Fragen zu beantworten und sicherzustellen, dass Ihr Aufenthalt im Hotel Helios au\u00dfergew\u00f6hnlich ist. Entdecken Sie, wie wir Ihren Aufenthalt unverge\u00dflich machen k\u00f6nnen Wir sind hier, um Ihnen bei der Planung des perfekten Aufenthalts zu helfen. Ob Sie eine Frage oder eine besondere Anfrage haben, unser [&hellip;]","protected":false},"author":2,"featured_media":0,"parent":0,"menu_order":0,"comment_status":"closed","ping_status":"closed","template":"page-full-width.php","meta":{"footnotes":""},"class_list":["post-17413","page","type-page","status-publish","hentry"],"yoast_head":"<!-- This site is optimized with the Yoast SEO plugin v27.3 - https:\/\/yoast.com\/product\/yoast-seo-wordpress\/ -->\n<title>Kontaktieren Sie uns - Beach Hotel Helios<\/title>\n<meta name=\"robots\" content=\"index, follow, max-snippet:-1, max-image-preview:large, max-video-preview:-1\" \/>\n<link rel=\"canonical\" href=\"https:\/\/hotelhelios.be\/contact-us\/\" \/>\n<meta property=\"og:locale\" content=\"de_DE\" \/>\n<meta property=\"og:type\" content=\"article\" \/>\n<meta property=\"og:title\" content=\"Kontaktieren Sie uns - Beach Hotel Helios\" \/>\n<meta property=\"og:description\" content=\"Lass uns in Verbindung treten Wir sind hier, um Ihre Fragen zu beantworten und sicherzustellen, dass Ihr Aufenthalt im Hotel Helios au\u00dfergew\u00f6hnlich ist. Entdecken Sie, wie wir Ihren Aufenthalt unverge\u00dflich machen k\u00f6nnen Wir sind hier, um Ihnen bei der Planung des perfekten Aufenthalts zu helfen. Ob Sie eine Frage oder eine besondere Anfrage haben, unser [&hellip;]\" \/>\n<meta property=\"og:url\" content=\"https:\/\/hotelhelios.be\/contact-us\/\" \/>\n<meta property=\"og:site_name\" content=\"Beach Hotel Helios\" \/>\n<meta property=\"article:modified_time\" content=\"2025-08-28T23:09:27+00:00\" \/>\n<meta name=\"twitter:card\" content=\"summary_large_image\" \/>\n<script type=\"application\/ld+json\" class=\"yoast-schema-graph\">{\"@context\":\"https:\\\/\\\/schema.org\",\"@graph\":[{\"@type\":\"WebPage\",\"@id\":\"https:\\\/\\\/hotelhelios.be\\\/contact-us\\\/\",\"url\":\"https:\\\/\\\/hotelhelios.be\\\/contact-us\\\/\",\"name\":\"Kontaktieren Sie uns - Beach Hotel Helios\",\"isPartOf\":{\"@id\":\"https:\\\/\\\/hotelhelios.be\\\/#website\"},\"datePublished\":\"2020-12-01T14:43:46+00:00\",\"dateModified\":\"2025-08-28T23:09:27+00:00\",\"breadcrumb\":{\"@id\":\"https:\\\/\\\/hotelhelios.be\\\/contact-us\\\/#breadcrumb\"},\"inLanguage\":\"de\",\"potentialAction\":[{\"@type\":\"ReadAction\",\"target\":[\"https:\\\/\\\/hotelhelios.be\\\/contact-us\\\/\"]}]},{\"@type\":\"BreadcrumbList\",\"@id\":\"https:\\\/\\\/hotelhelios.be\\\/contact-us\\\/#breadcrumb\",\"itemListElement\":[{\"@type\":\"ListItem\",\"position\":1,\"name\":\"Home\",\"item\":\"https:\\\/\\\/hotelhelios.be\\\/\"},{\"@type\":\"ListItem\",\"position\":2,\"name\":\"Kontaktieren Sie uns\"}]},{\"@type\":\"WebSite\",\"@id\":\"https:\\\/\\\/hotelhelios.be\\\/#website\",\"url\":\"https:\\\/\\\/hotelhelios.be\\\/\",\"name\":\"Beach Hotel Helios\",\"description\":\"CW Hotel Collection\",\"publisher\":{\"@id\":\"https:\\\/\\\/hotelhelios.be\\\/#organization\"},\"potentialAction\":[{\"@type\":\"SearchAction\",\"target\":{\"@type\":\"EntryPoint\",\"urlTemplate\":\"https:\\\/\\\/hotelhelios.be\\\/?s={search_term_string}\"},\"query-input\":{\"@type\":\"PropertyValueSpecification\",\"valueRequired\":true,\"valueName\":\"search_term_string\"}}],\"inLanguage\":\"de\"},{\"@type\":\"Organization\",\"@id\":\"https:\\\/\\\/hotelhelios.be\\\/#organization\",\"name\":\"Beach Hotel Helios\",\"url\":\"https:\\\/\\\/hotelhelios.be\\\/\",\"logo\":{\"@type\":\"ImageObject\",\"inLanguage\":\"de\",\"@id\":\"https:\\\/\\\/hotelhelios.be\\\/#\\\/schema\\\/logo\\\/image\\\/\",\"url\":\"https:\\\/\\\/hotelhelios.be\\\/wp-content\\\/uploads\\\/2025\\\/08\\\/helios-logo.png\",\"contentUrl\":\"https:\\\/\\\/hotelhelios.be\\\/wp-content\\\/uploads\\\/2025\\\/08\\\/helios-logo.png\",\"width\":380,\"height\":202,\"caption\":\"Beach Hotel Helios\"},\"image\":{\"@id\":\"https:\\\/\\\/hotelhelios.be\\\/#\\\/schema\\\/logo\\\/image\\\/\"}}]}<\/script>\n<!-- \/ Yoast SEO plugin. -->","yoast_head_json":{"title":"Kontaktieren Sie uns - Beach Hotel Helios","robots":{"index":"index","follow":"follow","max-snippet":"max-snippet:-1","max-image-preview":"max-image-preview:large","max-video-preview":"max-video-preview:-1"},"canonical":"https:\/\/hotelhelios.be\/contact-us\/","og_locale":"de_DE","og_type":"article","og_title":"Kontaktieren Sie uns - Beach Hotel Helios","og_description":"Lass uns in Verbindung treten Wir sind hier, um Ihre Fragen zu beantworten und sicherzustellen, dass Ihr Aufenthalt im Hotel Helios au\u00dfergew\u00f6hnlich ist. Entdecken Sie, wie wir Ihren Aufenthalt unverge\u00dflich machen k\u00f6nnen Wir sind hier, um Ihnen bei der Planung des perfekten Aufenthalts zu helfen. Ob Sie eine Frage oder eine besondere Anfrage haben, unser [&hellip;]","og_url":"https:\/\/hotelhelios.be\/contact-us\/","og_site_name":"Beach Hotel Helios","article_modified_time":"2025-08-28T23:09:27+00:00","twitter_card":"summary_large_image","schema":{"@context":"https:\/\/schema.org","@graph":[{"@type":"WebPage","@id":"https:\/\/hotelhelios.be\/contact-us\/","url":"https:\/\/hotelhelios.be\/contact-us\/","name":"Kontaktieren Sie uns - Beach Hotel Helios","isPartOf":{"@id":"https:\/\/hotelhelios.be\/#website"},"datePublished":"2020-12-01T14:43:46+00:00","dateModified":"2025-08-28T23:09:27+00:00","breadcrumb":{"@id":"https:\/\/hotelhelios.be\/contact-us\/#breadcrumb"},"inLanguage":"de","potentialAction":[{"@type":"ReadAction","target":["https:\/\/hotelhelios.be\/contact-us\/"]}]},{"@type":"BreadcrumbList","@id":"https:\/\/hotelhelios.be\/contact-us\/#breadcrumb","itemListElement":[{"@type":"ListItem","position":1,"name":"Home","item":"https:\/\/hotelhelios.be\/"},{"@type":"ListItem","position":2,"name":"Kontaktieren Sie uns"}]},{"@type":"WebSite","@id":"https:\/\/hotelhelios.be\/#website","url":"https:\/\/hotelhelios.be\/","name":"Beach Hotel Helios","description":"CW Hotel Collection","publisher":{"@id":"https:\/\/hotelhelios.be\/#organization"},"potentialAction":[{"@type":"SearchAction","target":{"@type":"EntryPoint","urlTemplate":"https:\/\/hotelhelios.be\/?s={search_term_string}"},"query-input":{"@type":"PropertyValueSpecification","valueRequired":true,"valueName":"search_term_string"}}],"inLanguage":"de"},{"@type":"Organization","@id":"https:\/\/hotelhelios.be\/#organization","name":"Beach Hotel Helios","url":"https:\/\/hotelhelios.be\/","logo":{"@type":"ImageObject","inLanguage":"de","@id":"https:\/\/hotelhelios.be\/#\/schema\/logo\/image\/","url":"https:\/\/hotelhelios.be\/wp-content\/uploads\/2025\/08\/helios-logo.png","contentUrl":"https:\/\/hotelhelios.be\/wp-content\/uploads\/2025\/08\/helios-logo.png","width":380,"height":202,"caption":"Beach Hotel Helios"},"image":{"@id":"https:\/\/hotelhelios.be\/#\/schema\/logo\/image\/"}}]}},"_links":{"self":[{"href":"https:\/\/hotelhelios.be\/de\/wp-json\/wp\/v2\/pages\/17413","targetHints":{"allow":["GET"]}}],"collection":[{"href":"https:\/\/hotelhelios.be\/de\/wp-json\/wp\/v2\/pages"}],"about":[{"href":"https:\/\/hotelhelios.be\/de\/wp-json\/wp\/v2\/types\/page"}],"author":[{"embeddable":true,"href":"https:\/\/hotelhelios.be\/de\/wp-json\/wp\/v2\/users\/2"}],"replies":[{"embeddable":true,"href":"https:\/\/hotelhelios.be\/de\/wp-json\/wp\/v2\/comments?post=17413"}],"version-history":[{"count":20,"href":"https:\/\/hotelhelios.be\/de\/wp-json\/wp\/v2\/pages\/17413\/revisions"}],"predecessor-version":[{"id":26806,"href":"https:\/\/hotelhelios.be\/de\/wp-json\/wp\/v2\/pages\/17413\/revisions\/26806"}],"wp:attachment":[{"href":"https:\/\/hotelhelios.be\/de\/wp-json\/wp\/v2\/media?parent=17413"}],"curies":[{"name":"wp","href":"https:\/\/api.w.org\/{rel}","templated":true}]}}